{"id":33895,"date":"2024-12-06T03:25:03","date_gmt":"2024-12-06T03:25:03","guid":{"rendered":"https:\/\/lombok-indonesia.org\/3j-2n-trek-sommet-lac-du-mont-rinjani\/"},"modified":"2026-01-27T02:51:37","modified_gmt":"2026-01-27T02:51:37","slug":"trek-summit-lake-hike","status":"publish","type":"product","link":"https:\/\/ovhstg.lombok-indonesia.org\/fr\/trek-summit-lake-hike\/","title":{"rendered":"3J\/2N Trek Sommet &amp; Lac du Mont Rinjani"},"content":{"rendered":"<p>Notre randonn\u00e9e au sommet et au lac du mont Rinjani est notre randonn\u00e9e la plus difficile. C&#8217;est un trek de 3 jours \/ 2 nuits qui convient le mieux aux voyageurs qui veulent voir tout ce que le mont Rinjani a \u00e0 offrir.  Cette randonn\u00e9e combine tous les \u00e9l\u00e9ments de la randonn\u00e9e au bord du crat\u00e8re et jusqu\u2019au sommet, avec en prime la descente vers le lac Segara Anak et les sources d\u2019eau chaude naturelles.<\/p>\n<p>Ce voyage commence \u00e0 la maison d\u2019h\u00f4tes dans le village de Senaru, au nord de Lombok. Vous passerez une nuit dans la maison d\u2019h\u00f4tes o\u00f9 le d\u00eener vous sera servi. Si vous le souhaitez, vous pourrez partir \u00e0 l\u2019aventure dans les chutes d\u2019eau voisines dans la soir\u00e9e et voir de nombreux singes.  <\/p>\n<p>Le matin, vous prendrez votre petit-d\u00e9jeuner et votre caf\u00e9 \u00e0 la maison d\u2019h\u00f4tes. Ensuite, vous ferez un trajet d\u2019une heure en voiture jusqu\u2019\u00e0 la ville de Sembalun. Ce trajet est une exp\u00e9rience \u00e0 part enti\u00e8re, alors que vous voyagez \u00e0 l\u2019arri\u00e8re d\u2019un camion, sentant le vent dans vos cheveux, \u00e0 travers les villages de Lombok.  <\/p>\n<p>Vous commencerez votre randonn\u00e9e \u00e0 partir de Sembalun. \u00c0 mi-chemin de la montagne, nous prendrons un d\u00e9jeuner copieux pr\u00e9par\u00e9 par nos porteurs. Ensuite, nous poursuivrons notre ascension vers le bord du crat\u00e8re, que nous atteindrons \u00e0 la mi-journ\u00e9e. Nous passerons la soir\u00e9e au bord du crat\u00e8re o\u00f9 nous d\u00eenerons.   <\/p>\n<p>Le lendemain, nous nous r\u00e9veillons \u00e0 2 heures du matin pour prendre un petit d\u00e9jeuner l\u00e9ger, puis nous entamons notre ascension vers le sommet vers 2h30. Cette partie de la randonn\u00e9e est la plus difficile et nous prendra un total de 4 heures pour atteindre le sommet. Une fois l\u00e0-haut, vous remarquerez qu\u2019il fait tr\u00e8s froid ! La plupart des voyageurs ne restent que peu de temps au sommet avant de redescendre.   <\/p>\n<p>La descente est beaucoup plus courte et ne prend qu\u2019une heure et demie pour retourner au bord du crat\u00e8re. Ensuite, vous prendrez un petit d\u00e9jeuner plus copieux et vous accorderez un peu de temps pour vous reposer. Ensuite, vous entamerez la deuxi\u00e8me partie de l\u2019excursion, qui comprend une randonn\u00e9e de 3 heures jusqu\u2019au lac Segara Anak. Nous ferons une courte pause au bord du lac pour profiter des sources d\u2019eau chaude thermale ainsi que du d\u00e9jeuner. Apr\u00e8s le d\u00e9jeuner, nous quittons le lac et poursuivons notre chemin vers le bord du crat\u00e8re de Senaru, o\u00f9 nous passerons la nuit. La vue depuis le bord du crat\u00e8re de Senaru est parmi les plus spectaculaires de tout le trek.     <\/p>\n<p>Le dernier jour, apr\u00e8s le petit-d\u00e9jeuner, vous traverserez le village de Senaru en passant par la for\u00eat tropicale. Il y a beaucoup de singes et vous pourrez peut-\u00eatre apercevoir le rare singe noir de Lombok. La randonn\u00e9e du dernier jour dure environ 5 heures, apr\u00e8s quoi vous arrivez \u00e0 Senaru. Le transport est assur\u00e9 depuis le point de d\u00e9part du sentier jusqu\u2019\u00e0 <a href=\"https:\/\/ovhstg.lombok-indonesia.org\/fr\/hebergement\/\" target=\"_blank\" rel=\"noopener\">la maison d\u2019h\u00f4tes<\/a>. Vous changerez de v\u00e9hicule \u00e0 la maison d\u2019accueil et serez ramen\u00e9s au port\/\u00e0 l\u2019a\u00e9roport. Si vous souhaitez profiter de Senaru un peu plus longtemps, vous pouvez s\u00e9journer dans notre maison d\u2019h\u00f4tes dans le cadre de l\u2019un de nos autres packs.     <\/p>\n","protected":false},"excerpt":{"rendered":"<p>Notre randonn\u00e9e au sommet et au lac du mont Rinjani est notre randonn\u00e9e la plus difficile. C\u2019est une randonn\u00e9e de 3 jours \/ 2 nuits pour 2 \u00e0 6 randonneurs qui veulent d\u00e9couvrir tout ce que le mont Rinjani a \u00e0 offrir. <\/p>\n","protected":false},"featured_media":5710,"comment_status":"closed","ping_status":"closed","template":"","meta":{"_glsr_average":0,"_glsr_ranking":0,"_glsr_reviews":0},"product_brand":[],"product_cat":[186],"product_tag":[],"class_list":{"0":"post-33895","1":"product","2":"type-product","3":"status-publish","4":"has-post-thumbnail","6":"product_cat-randonnees-volcaniques","8":"first","9":"instock","10":"virtual","11":"purchasable","12":"product-type-simple"},"acf":[],"yoast_head":"<!-- This site is optimized with the Yoast SEO plugin v27.2 - https:\/\/yoast.com\/product\/yoast-seo-wordpress\/ -->\n<title>Rinjani Trek 3d\/2n | Sommet et Lac | Lombok-Indonesia.org<\/title>\n<meta name=\"description\" content=\"Rinjani trek 3d\/2n : vivez une aventure incroyable ! Sommet, lac, vues \u00e9poustouflantes. R\u00e9servez votre trek maintenant !\" \/>\n<meta name=\"robots\" content=\"noindex, follow, max-snippet:-1, max-image-preview:large, max-video-preview:-1\" \/>\n<meta property=\"og:locale\" content=\"fr_FR\" \/>\n<meta property=\"og:type\" content=\"article\" \/>\n<meta property=\"og:title\" content=\"Rinjani Trek 3d\/2n | Sommet et Lac | Lombok-Indonesia.org\" \/>\n<meta property=\"og:description\" content=\"Rinjani trek 3d\/2n : vivez une aventure incroyable ! Sommet, lac, vues \u00e9poustouflantes. R\u00e9servez votre trek maintenant !\" \/>\n<meta property=\"og:url\" content=\"https:\/\/ovhstg.lombok-indonesia.org\/fr\/trek-summit-lake-hike\/\" \/>\n<meta property=\"og:site_name\" content=\"Lombok-Indonesia.org\" \/>\n<meta property=\"article:publisher\" content=\"https:\/\/www.facebook.com\/lombokindonesiaorg\" \/>\n<meta property=\"article:modified_time\" content=\"2026-01-27T02:51:37+00:00\" \/>\n<meta property=\"og:image\" content=\"https:\/\/ovhstg.lombok-indonesia.org\/wp-content\/uploads\/2024\/12\/LombokAiEdit10-Edit-1.webp\" \/>\n\t<meta property=\"og:image:width\" content=\"2500\" \/>\n\t<meta property=\"og:image:height\" content=\"1667\" \/>\n\t<meta property=\"og:image:type\" content=\"image\/webp\" \/>\n<meta name=\"twitter:card\" content=\"summary_large_image\" \/>\n<meta name=\"twitter:label1\" content=\"Dur\u00e9e de lecture estim\u00e9e\" \/>\n\t<meta name=\"twitter:data1\" content=\"3 minutes\" \/>\n<script type=\"application\/ld+json\" class=\"yoast-schema-graph\">{\"@context\":\"https:\/\/schema.org\",\"@graph\":[{\"@type\":\"WebPage\",\"@id\":\"https:\/\/ovhstg.lombok-indonesia.org\/fr\/trek-summit-lake-hike\/\",\"url\":\"https:\/\/ovhstg.lombok-indonesia.org\/fr\/trek-summit-lake-hike\/\",\"name\":\"Rinjani Trek 3d\/2n | Sommet et Lac | Lombok-Indonesia.org\",\"isPartOf\":{\"@id\":\"https:\/\/ovhstg.lombok-indonesia.org\/fr\/#website\"},\"primaryImageOfPage\":{\"@id\":\"https:\/\/ovhstg.lombok-indonesia.org\/fr\/trek-summit-lake-hike\/#primaryimage\"},\"image\":{\"@id\":\"https:\/\/ovhstg.lombok-indonesia.org\/fr\/trek-summit-lake-hike\/#primaryimage\"},\"thumbnailUrl\":\"https:\/\/ovhstg.lombok-indonesia.org\/wp-content\/uploads\/2024\/12\/LombokAiEdit10-Edit-1.webp\",\"datePublished\":\"2024-12-06T03:25:03+00:00\",\"dateModified\":\"2026-01-27T02:51:37+00:00\",\"description\":\"Rinjani trek 3d\/2n : vivez une aventure incroyable ! Sommet, lac, vues \u00e9poustouflantes. R\u00e9servez votre trek maintenant !\",\"breadcrumb\":{\"@id\":\"https:\/\/ovhstg.lombok-indonesia.org\/fr\/trek-summit-lake-hike\/#breadcrumb\"},\"inLanguage\":\"fr-FR\",\"potentialAction\":[{\"@type\":\"ReadAction\",\"target\":[\"https:\/\/ovhstg.lombok-indonesia.org\/fr\/trek-summit-lake-hike\/\"]}]},{\"@type\":\"ImageObject\",\"inLanguage\":\"fr-FR\",\"@id\":\"https:\/\/ovhstg.lombok-indonesia.org\/fr\/trek-summit-lake-hike\/#primaryimage\",\"url\":\"https:\/\/ovhstg.lombok-indonesia.org\/wp-content\/uploads\/2024\/12\/LombokAiEdit10-Edit-1.webp\",\"contentUrl\":\"https:\/\/ovhstg.lombok-indonesia.org\/wp-content\/uploads\/2024\/12\/LombokAiEdit10-Edit-1.webp\",\"width\":2500,\"height\":1667,\"caption\":\"Trekkers resting beside the calm waters of Segara Anak Lake inside the Mt. Rinjani caldera, with dramatic ridges and mist-covered cliffs reflected in the lake, creating one of the most scenic and peaceful moments during the Mt. Rinjani hike on Lombok Island.\"},{\"@type\":\"BreadcrumbList\",\"@id\":\"https:\/\/ovhstg.lombok-indonesia.org\/fr\/trek-summit-lake-hike\/#breadcrumb\",\"itemListElement\":[{\"@type\":\"ListItem\",\"position\":1,\"name\":\"Home\",\"item\":\"https:\/\/ovhstg.lombok-indonesia.org\/fr\/\"},{\"@type\":\"ListItem\",\"position\":2,\"name\":\"Excursions du Mont Rinjani\",\"item\":\"https:\/\/ovhstg.lombok-indonesia.org\/fr\/boutique\/\"},{\"@type\":\"ListItem\",\"position\":3,\"name\":\"3J\/2N Trek Sommet &amp; Lac du Mont Rinjani\"}]},{\"@type\":\"WebSite\",\"@id\":\"https:\/\/ovhstg.lombok-indonesia.org\/fr\/#website\",\"url\":\"https:\/\/ovhstg.lombok-indonesia.org\/fr\/\",\"name\":\"Lombok-Indonesia.org\",\"description\":\"Explore Lombok\",\"publisher\":{\"@id\":\"https:\/\/ovhstg.lombok-indonesia.org\/fr\/#organization\"},\"potentialAction\":[{\"@type\":\"SearchAction\",\"target\":{\"@type\":\"EntryPoint\",\"urlTemplate\":\"https:\/\/ovhstg.lombok-indonesia.org\/fr\/?s={search_term_string}\"},\"query-input\":{\"@type\":\"PropertyValueSpecification\",\"valueRequired\":true,\"valueName\":\"search_term_string\"}}],\"inLanguage\":\"fr-FR\"},{\"@type\":\"Organization\",\"@id\":\"https:\/\/ovhstg.lombok-indonesia.org\/fr\/#organization\",\"name\":\"Lombok-Indonesia.org\",\"url\":\"https:\/\/ovhstg.lombok-indonesia.org\/fr\/\",\"logo\":{\"@type\":\"ImageObject\",\"inLanguage\":\"fr-FR\",\"@id\":\"https:\/\/ovhstg.lombok-indonesia.org\/fr\/#\/schema\/logo\/image\/\",\"url\":\"https:\/\/ovhstg.lombok-indonesia.org\/wp-content\/uploads\/2024\/12\/lombok-logo-final1-09.png\",\"contentUrl\":\"https:\/\/ovhstg.lombok-indonesia.org\/wp-content\/uploads\/2024\/12\/lombok-logo-final1-09.png\",\"width\":1319,\"height\":311,\"caption\":\"Lombok-Indonesia.org\"},\"image\":{\"@id\":\"https:\/\/ovhstg.lombok-indonesia.org\/fr\/#\/schema\/logo\/image\/\"},\"sameAs\":[\"https:\/\/www.facebook.com\/lombokindonesiaorg\",\"https:\/\/www.instagram.com\/lombok_indonesia_org\/\",\"https:\/\/www.tripadvisor.com\/Attraction_Review-g3475390-d14982086-Reviews-Lombok_indonesia_Org-Senaru_Lombok_West_Nusa_Tenggara.html\",\"https:\/\/maps.app.goo.gl\/QEpB4gfu7a8D5X777\"]}]}<\/script>\n<!-- \/ Yoast SEO plugin. -->","yoast_head_json":{"title":"Rinjani Trek 3d\/2n | Sommet et Lac | Lombok-Indonesia.org","description":"Rinjani trek 3d\/2n : vivez une aventure incroyable ! Sommet, lac, vues \u00e9poustouflantes. R\u00e9servez votre trek maintenant !","robots":{"index":"noindex","follow":"follow","max-snippet":"max-snippet:-1","max-image-preview":"max-image-preview:large","max-video-preview":"max-video-preview:-1"},"og_locale":"fr_FR","og_type":"article","og_title":"Rinjani Trek 3d\/2n | Sommet et Lac | Lombok-Indonesia.org","og_description":"Rinjani trek 3d\/2n : vivez une aventure incroyable ! Sommet, lac, vues \u00e9poustouflantes. R\u00e9servez votre trek maintenant !","og_url":"https:\/\/ovhstg.lombok-indonesia.org\/fr\/trek-summit-lake-hike\/","og_site_name":"Lombok-Indonesia.org","article_publisher":"https:\/\/www.facebook.com\/lombokindonesiaorg","article_modified_time":"2026-01-27T02:51:37+00:00","og_image":[{"width":2500,"height":1667,"url":"https:\/\/ovhstg.lombok-indonesia.org\/wp-content\/uploads\/2024\/12\/LombokAiEdit10-Edit-1.webp","type":"image\/webp"}],"twitter_card":"summary_large_image","twitter_misc":{"Dur\u00e9e de lecture estim\u00e9e":"3 minutes"},"schema":{"@context":"https:\/\/schema.org","@graph":[{"@type":"WebPage","@id":"https:\/\/ovhstg.lombok-indonesia.org\/fr\/trek-summit-lake-hike\/","url":"https:\/\/ovhstg.lombok-indonesia.org\/fr\/trek-summit-lake-hike\/","name":"Rinjani Trek 3d\/2n | Sommet et Lac | Lombok-Indonesia.org","isPartOf":{"@id":"https:\/\/ovhstg.lombok-indonesia.org\/fr\/#website"},"primaryImageOfPage":{"@id":"https:\/\/ovhstg.lombok-indonesia.org\/fr\/trek-summit-lake-hike\/#primaryimage"},"image":{"@id":"https:\/\/ovhstg.lombok-indonesia.org\/fr\/trek-summit-lake-hike\/#primaryimage"},"thumbnailUrl":"https:\/\/ovhstg.lombok-indonesia.org\/wp-content\/uploads\/2024\/12\/LombokAiEdit10-Edit-1.webp","datePublished":"2024-12-06T03:25:03+00:00","dateModified":"2026-01-27T02:51:37+00:00","description":"Rinjani trek 3d\/2n : vivez une aventure incroyable ! Sommet, lac, vues \u00e9poustouflantes. R\u00e9servez votre trek maintenant !","breadcrumb":{"@id":"https:\/\/ovhstg.lombok-indonesia.org\/fr\/trek-summit-lake-hike\/#breadcrumb"},"inLanguage":"fr-FR","potentialAction":[{"@type":"ReadAction","target":["https:\/\/ovhstg.lombok-indonesia.org\/fr\/trek-summit-lake-hike\/"]}]},{"@type":"ImageObject","inLanguage":"fr-FR","@id":"https:\/\/ovhstg.lombok-indonesia.org\/fr\/trek-summit-lake-hike\/#primaryimage","url":"https:\/\/ovhstg.lombok-indonesia.org\/wp-content\/uploads\/2024\/12\/LombokAiEdit10-Edit-1.webp","contentUrl":"https:\/\/ovhstg.lombok-indonesia.org\/wp-content\/uploads\/2024\/12\/LombokAiEdit10-Edit-1.webp","width":2500,"height":1667,"caption":"Trekkers resting beside the calm waters of Segara Anak Lake inside the Mt. Rinjani caldera, with dramatic ridges and mist-covered cliffs reflected in the lake, creating one of the most scenic and peaceful moments during the Mt. Rinjani hike on Lombok Island."},{"@type":"BreadcrumbList","@id":"https:\/\/ovhstg.lombok-indonesia.org\/fr\/trek-summit-lake-hike\/#breadcrumb","itemListElement":[{"@type":"ListItem","position":1,"name":"Home","item":"https:\/\/ovhstg.lombok-indonesia.org\/fr\/"},{"@type":"ListItem","position":2,"name":"Excursions du Mont Rinjani","item":"https:\/\/ovhstg.lombok-indonesia.org\/fr\/boutique\/"},{"@type":"ListItem","position":3,"name":"3J\/2N Trek Sommet &amp; Lac du Mont Rinjani"}]},{"@type":"WebSite","@id":"https:\/\/ovhstg.lombok-indonesia.org\/fr\/#website","url":"https:\/\/ovhstg.lombok-indonesia.org\/fr\/","name":"Lombok-Indonesia.org","description":"Explore Lombok","publisher":{"@id":"https:\/\/ovhstg.lombok-indonesia.org\/fr\/#organization"},"potentialAction":[{"@type":"SearchAction","target":{"@type":"EntryPoint","urlTemplate":"https:\/\/ovhstg.lombok-indonesia.org\/fr\/?s={search_term_string}"},"query-input":{"@type":"PropertyValueSpecification","valueRequired":true,"valueName":"search_term_string"}}],"inLanguage":"fr-FR"},{"@type":"Organization","@id":"https:\/\/ovhstg.lombok-indonesia.org\/fr\/#organization","name":"Lombok-Indonesia.org","url":"https:\/\/ovhstg.lombok-indonesia.org\/fr\/","logo":{"@type":"ImageObject","inLanguage":"fr-FR","@id":"https:\/\/ovhstg.lombok-indonesia.org\/fr\/#\/schema\/logo\/image\/","url":"https:\/\/ovhstg.lombok-indonesia.org\/wp-content\/uploads\/2024\/12\/lombok-logo-final1-09.png","contentUrl":"https:\/\/ovhstg.lombok-indonesia.org\/wp-content\/uploads\/2024\/12\/lombok-logo-final1-09.png","width":1319,"height":311,"caption":"Lombok-Indonesia.org"},"image":{"@id":"https:\/\/ovhstg.lombok-indonesia.org\/fr\/#\/schema\/logo\/image\/"},"sameAs":["https:\/\/www.facebook.com\/lombokindonesiaorg","https:\/\/www.instagram.com\/lombok_indonesia_org\/","https:\/\/www.tripadvisor.com\/Attraction_Review-g3475390-d14982086-Reviews-Lombok_indonesia_Org-Senaru_Lombok_West_Nusa_Tenggara.html","https:\/\/maps.app.goo.gl\/QEpB4gfu7a8D5X777"]}]}},"_links":{"self":[{"href":"https:\/\/ovhstg.lombok-indonesia.org\/fr\/wp-json\/wp\/v2\/product\/33895","targetHints":{"allow":["GET"]}}],"collection":[{"href":"https:\/\/ovhstg.lombok-indonesia.org\/fr\/wp-json\/wp\/v2\/product"}],"about":[{"href":"https:\/\/ovhstg.lombok-indonesia.org\/fr\/wp-json\/wp\/v2\/types\/product"}],"replies":[{"embeddable":true,"href":"https:\/\/ovhstg.lombok-indonesia.org\/fr\/wp-json\/wp\/v2\/comments?post=33895"}],"version-history":[{"count":1,"href":"https:\/\/ovhstg.lombok-indonesia.org\/fr\/wp-json\/wp\/v2\/product\/33895\/revisions"}],"predecessor-version":[{"id":67212,"href":"https:\/\/ovhstg.lombok-indonesia.org\/fr\/wp-json\/wp\/v2\/product\/33895\/revisions\/67212"}],"wp:featuredmedia":[{"embeddable":true,"href":"https:\/\/ovhstg.lombok-indonesia.org\/fr\/wp-json\/wp\/v2\/media\/5710"}],"wp:attachment":[{"href":"https:\/\/ovhstg.lombok-indonesia.org\/fr\/wp-json\/wp\/v2\/media?parent=33895"}],"wp:term":[{"taxonomy":"product_brand","embeddable":true,"href":"https:\/\/ovhstg.lombok-indonesia.org\/fr\/wp-json\/wp\/v2\/product_brand?post=33895"},{"taxonomy":"product_cat","embeddable":true,"href":"https:\/\/ovhstg.lombok-indonesia.org\/fr\/wp-json\/wp\/v2\/product_cat?post=33895"},{"taxonomy":"product_tag","embeddable":true,"href":"https:\/\/ovhstg.lombok-indonesia.org\/fr\/wp-json\/wp\/v2\/product_tag?post=33895"}],"curies":[{"name":"wp","href":"https:\/\/api.w.org\/{rel}","templated":true}]}}